{"id":322,"date":"2023-04-10T13:48:08","date_gmt":"2023-04-10T11:48:08","guid":{"rendered":"https:\/\/voiptech.pl\/?post_type=product&#038;p=322"},"modified":"2023-04-10T13:48:08","modified_gmt":"2023-04-10T11:48:08","slug":"grp-2603-hd-bez-poe","status":"publish","type":"product","link":"https:\/\/voiptech.pl\/?product=grp-2603-hd-bez-poe","title":{"rendered":"GRP 2603 HD bez PoE"},"content":{"rendered":"<p>GRP2603 to kolejny model z serii telefon\u00f3w klasy operatorskiej GRP, zaprojektowanej z my\u015bl\u0105 o zdalnym zarz\u0105dzaniu, oraz prostych i szybkich wdro\u017ceniach na du\u017c\u0105 skal\u0119. <strong>Wyst\u0119puje w dw\u00f3ch wersjach GRP2603 z zasilaczem i GRP2603P z PoE (bez zasilacza).<\/strong> Obie wersje wyr\u00f3\u017cniaj\u0105 si\u0119 eleganckim wygl\u0105dem i zestawem funkcji nowej generacji, w tym 5-stronn\u0105 konferencj\u0105 g\u0142osow\u0105, obs\u0142ug\u0105 EHS dla zestaw\u00f3w s\u0142uchawkowych Plantronics, Jabra i Sennheiser, oraz obs\u0142ug\u0105 wielu j\u0119zyk\u00f3w. Seria GRP obejmuje funkcje zabezpiecze\u0144 klasy operatorskiej zapewniaj\u0105ce bezpiecze\u0144stwo na poziomie korporacyjnym, w tym bezpieczny rozruch, podw\u00f3jne obrazy oprogramowania uk\u0142adowego i szyfrowane przechowywanie danych. Chmura Grandstream GDMS umo\u017cliwia zdalne i bezpieczne konfigurowanie, \u00a0zarz\u0105dzanie, oraz monitorowanie wszystkich punkt\u00f3w ko\u0144cowych z serii GRP.<\/p>\n","protected":false},"excerpt":{"rendered":"<h2>Funkcjonalno\u015b\u0107<\/h2>\n<ul>\n<li>6 kont SIP, 3 linie<\/li>\n<li>Zdalna konfiguracja i <em>provisioning<\/em><\/li>\n<li>Pe\u0142en dupleks i HD Audio w s\u0142uchawce i g\u0142o\u015bniku<\/li>\n<li>5-stronne konferencje g\u0142osowe<\/li>\n<li>S\u0142uchawka z redukcj\u0105 szum\u00f3w<\/li>\n<li>EHS dla zestaw\u00f3w s\u0142uchawkowych Plantronics, Jabra i Sennheiser<\/li>\n<li>Ochrona na poziomie korporacyjnym, obejmuj\u0105ca bezpieczny rozruch, podw\u00f3jne obrazy oprogramowania uk\u0142adowego i szyfrowane przechowywanie danych<\/li>\n<li>Dwa prze\u0142\u0105czane automatycznie porty 10\/100\/1000 Mbps z autowykrywaniem<\/li>\n<\/ul>\n","protected":false},"featured_media":323,"comment_status":"open","ping_status":"closed","template":"","meta":[],"product_cat":[24,18],"product_tag":[],"class_list":{"0":"post-322","1":"product","2":"type-product","3":"status-publish","4":"has-post-thumbnail","6":"product_cat-grandstream","7":"product_cat-przewodowe","9":"first","10":"instock","11":"taxable","12":"shipping-taxable","13":"purchasable","14":"product-type-simple"},"_links":{"self":[{"href":"https:\/\/voiptech.pl\/index.php?rest_route=\/wp\/v2\/product\/322","targetHints":{"allow":["GET"]}}],"collection":[{"href":"https:\/\/voiptech.pl\/index.php?rest_route=\/wp\/v2\/product"}],"about":[{"href":"https:\/\/voiptech.pl\/index.php?rest_route=\/wp\/v2\/types\/product"}],"replies":[{"embeddable":true,"href":"https:\/\/voiptech.pl\/index.php?rest_route=%2Fwp%2Fv2%2Fcomments&post=322"}],"wp:featuredmedia":[{"embeddable":true,"href":"https:\/\/voiptech.pl\/index.php?rest_route=\/wp\/v2\/media\/323"}],"wp:attachment":[{"href":"https:\/\/voiptech.pl\/index.php?rest_route=%2Fwp%2Fv2%2Fmedia&parent=322"}],"wp:term":[{"taxonomy":"product_cat","embeddable":true,"href":"https:\/\/voiptech.pl\/index.php?rest_route=%2Fwp%2Fv2%2Fproduct_cat&post=322"},{"taxonomy":"product_tag","embeddable":true,"href":"https:\/\/voiptech.pl\/index.php?rest_route=%2Fwp%2Fv2%2Fproduct_tag&post=322"}],"curies":[{"name":"wp","href":"https:\/\/api.w.org\/{rel}","templated":true}]}}