{"id":303,"date":"2023-04-10T10:06:12","date_gmt":"2023-04-10T08:06:12","guid":{"rendered":"https:\/\/voiptech.pl\/?post_type=product&#038;p=303"},"modified":"2023-04-10T10:12:41","modified_gmt":"2023-04-10T08:12:41","slug":"ghp620w-ghp621w-telefon-hotelowy","status":"publish","type":"product","link":"https:\/\/voiptech.pl\/?product=ghp620w-ghp621w-telefon-hotelowy","title":{"rendered":"GHP620W\/GHP621W Telefon hotelowy"},"content":{"rendered":"<p>Seria GHP telefon\u00f3w hotelowych obejmuje modele GHP620\/GHP620W i GHP621\/GHP621W. S\u0105 one \u0142atwymi w obs\u0142udze telefonami IP, kt\u00f3re mo\u017cna instalowa\u0107 w pokojach hotelowych. Mo\u017cna je dowolnie programowa\u0107 i dostosowywa\u0107 do potrzeb hotelu i jego go\u015bci. Modele GHP620W i GHP621W s\u0105 wyposa\u017cone w wbudowany dwupasmowy modu\u0142 Wi-Fi pozwalaj\u0105cy na korzystanie z sieci bezprzewodowych. Ta seria jest wyposa\u017cona w g\u0142o\u015bnik HD, dwa konta SIP\/linie, sze\u015b\u0107 klawiszy programowalnych, 10 klawiszy szybkiego wybierania, a tak\u017ce obs\u0142uguje trzykierunkowe konferencje, pe\u0142nozakresowy kodek g\u0142osowy OPUS i zaawansowany algorytm zapewniaj\u0105cy odporno\u015b\u0107 na zak\u0142\u00f3cenia, kt\u00f3ry umo\u017cliwia prowadzenie rozmowy bez spadku jako\u015bci przy utracie pakiet\u00f3w na poziomie 30%. Seria GHP jest obs\u0142ugiwana przez system zarz\u0105dzania urz\u0105dzeniami Grandstream (GDMS), kt\u00f3ry udost\u0119pnia centralny interfejs do konfiguracji, wdra\u017cania, zarz\u0105dzania i monitorowania punkt\u00f3w ko\u0144cowych Grandstream. Telefony IP tej serii mo\u017cna instalowa\u0107 na biurku lub \u015bcianie, a tak\u017ce zasila\u0107 je za po\u015brednictwem portu PoE (GHP620\/GHP621), zasilacza (GHP620W\/ GHP621W), jak i \u0142adowarki z wtykiem USB Type-C. Dzi\u0119ki niewielkim wymiarom modele GHP620\/GHP620W i GHP621\/GHP621W sprawdz\u0105 si\u0119 doskonale nie tylko w hotelach, ale r\u00f3wnie\u017c w budynkach mieszkalnych, akademikach, szpitalach, sklepach i nie tylko.<\/p>\n","protected":false},"excerpt":{"rendered":"<p>Seria GHP telefon\u00f3w hotelowych obejmuje modele GHP620\/GHP620W i GHP621\/GHP621W. S\u0105 one \u0142atwymi w obs\u0142udze telefonami IP, kt\u00f3re mo\u017cna instalowa\u0107 w pokojach hotelowych. Mo\u017cna je dowolnie programowa\u0107 i dostosowywa\u0107 do potrzeb hotelu i jego go\u015bci. Modele GHP620W i GHP621W s\u0105 wyposa\u017cone w wbudowany dwupasmowy modu\u0142 Wi-Fi pozwalaj\u0105cy na korzystanie z sieci bezprzewodowych. Ta seria jest wyposa\u017cona [&hellip;]<\/p>\n","protected":false},"featured_media":304,"comment_status":"open","ping_status":"closed","template":"","meta":[],"product_cat":[24,23,18],"product_tag":[],"class_list":{"0":"post-303","1":"product","2":"type-product","3":"status-publish","4":"has-post-thumbnail","6":"product_cat-grandstream","7":"product_cat-hotelowe","8":"product_cat-przewodowe","10":"first","11":"instock","12":"taxable","13":"shipping-taxable","14":"purchasable","15":"product-type-simple"},"_links":{"self":[{"href":"https:\/\/voiptech.pl\/index.php?rest_route=\/wp\/v2\/product\/303","targetHints":{"allow":["GET"]}}],"collection":[{"href":"https:\/\/voiptech.pl\/index.php?rest_route=\/wp\/v2\/product"}],"about":[{"href":"https:\/\/voiptech.pl\/index.php?rest_route=\/wp\/v2\/types\/product"}],"replies":[{"embeddable":true,"href":"https:\/\/voiptech.pl\/index.php?rest_route=%2Fwp%2Fv2%2Fcomments&post=303"}],"wp:featuredmedia":[{"embeddable":true,"href":"https:\/\/voiptech.pl\/index.php?rest_route=\/wp\/v2\/media\/304"}],"wp:attachment":[{"href":"https:\/\/voiptech.pl\/index.php?rest_route=%2Fwp%2Fv2%2Fmedia&parent=303"}],"wp:term":[{"taxonomy":"product_cat","embeddable":true,"href":"https:\/\/voiptech.pl\/index.php?rest_route=%2Fwp%2Fv2%2Fproduct_cat&post=303"},{"taxonomy":"product_tag","embeddable":true,"href":"https:\/\/voiptech.pl\/index.php?rest_route=%2Fwp%2Fv2%2Fproduct_tag&post=303"}],"curies":[{"name":"wp","href":"https:\/\/api.w.org\/{rel}","templated":true}]}}