{"id":299,"date":"2023-04-10T09:56:04","date_gmt":"2023-04-10T07:56:04","guid":{"rendered":"https:\/\/voiptech.pl\/?post_type=product&#038;p=299"},"modified":"2024-11-11T05:29:13","modified_gmt":"2024-11-11T04:29:13","slug":"ghp610w-ghp611w-telefon-hotelowy","status":"publish","type":"product","link":"https:\/\/voiptech.pl\/?product=ghp610w-ghp611w-telefon-hotelowy","title":{"rendered":"GHP610W\/GHP611W Telefon hotelowy"},"content":{"rendered":"<p>Modele GHP611\/GHP611W s\u0105 kompaktowymi telefonami IP wyposa\u017conymi w g\u0142o\u015bnik HD w s\u0142uchawce i 10 klawiszy szybkiego wybierania, a tak\u017ce obs\u0142uguj\u0105cymi dwa konta SIP na lini\u0119 i trzy klawisze programowalne. Tych \u0142atwych w obs\u0142udze telefon\u00f3w hotelowych z serii GHP mo\u017cna z powodzeniem u\u017cywa\u0107 te\u017c w szpitalach, budynkach mieszkalnych, akademikach, sklepach i nie tylko. Wszystkie modele obs\u0142uguj\u0105 trzykierunkowe konferencje g\u0142osowe, pe\u0142nozakresowy kodek g\u0142osowy OPUS, a tak\u017ce zaawansowany algorytm zapewniaj\u0105cy odporno\u015b\u0107 na zak\u0142\u00f3cenia, kt\u00f3ry umo\u017cliwia prowadzenie rozmowy bez spadku jako\u015bci przy utracie pakiet\u00f3w na poziomie 30%. Seria GHP jest obs\u0142ugiwana przez system zarz\u0105dzania urz\u0105dzeniami Grandstream (GDMS), kt\u00f3ry udost\u0119pnia centralny interfejs do konfiguracji, wdra\u017cania, zarz\u0105dzania i monitorowania punkt\u00f3w ko\u0144cowych Grandstream. Dzi\u0119ki niewielkim wymiarom pozwalaj\u0105cym na ich instalacj\u0119 na biurku lub \u015bcianie, modele GHP611\/GHP611W sprawdz\u0105 si\u0119 doskonale w hotelach, a tak\u017ce wielu innych podobnych obiektach.<\/p>\n","protected":false},"excerpt":{"rendered":"<h2>Funkcjonalno\u015b\u0107<\/h2>\n<ul>\n<li>Dwa konta SIP, dwie linie<\/li>\n<li>System zarz\u0105dzania urz\u0105dzeniami online GDMS i konfiguracja zdalna<\/li>\n<li>Trzykierunkowe po\u0142\u0105czenia konferencyjne audio u\u0142atwiaj\u0105 organizowanie konferencji<\/li>\n<li>Jeden port sieciowy 100 Mb\/s z zasilaniem PoE (tylko modele GHP610 i GHP611)<\/li>\n<li>Etykiety szybkiego wybierania i wymienna ramka umo\u017cliwiaj\u0105ca \u0142atwe dostosowywanie<\/li>\n<li>Obs\u0142uga standardu HAC (Hearing Aid Compatibility\u2013 zgodno\u015b\u0107 z aparatami s\u0142uchowymi)<\/li>\n<\/ul>\n<hr \/>\n","protected":false},"featured_media":301,"comment_status":"open","ping_status":"closed","template":"","meta":[],"product_cat":[24,23,18],"product_tag":[],"class_list":{"0":"post-299","1":"product","2":"type-product","3":"status-publish","4":"has-post-thumbnail","6":"product_cat-grandstream","7":"product_cat-hotelowe","8":"product_cat-przewodowe","10":"first","11":"instock","12":"taxable","13":"shipping-taxable","14":"purchasable","15":"product-type-simple"},"_links":{"self":[{"href":"https:\/\/voiptech.pl\/index.php?rest_route=\/wp\/v2\/product\/299","targetHints":{"allow":["GET"]}}],"collection":[{"href":"https:\/\/voiptech.pl\/index.php?rest_route=\/wp\/v2\/product"}],"about":[{"href":"https:\/\/voiptech.pl\/index.php?rest_route=\/wp\/v2\/types\/product"}],"replies":[{"embeddable":true,"href":"https:\/\/voiptech.pl\/index.php?rest_route=%2Fwp%2Fv2%2Fcomments&post=299"}],"wp:featuredmedia":[{"embeddable":true,"href":"https:\/\/voiptech.pl\/index.php?rest_route=\/wp\/v2\/media\/301"}],"wp:attachment":[{"href":"https:\/\/voiptech.pl\/index.php?rest_route=%2Fwp%2Fv2%2Fmedia&parent=299"}],"wp:term":[{"taxonomy":"product_cat","embeddable":true,"href":"https:\/\/voiptech.pl\/index.php?rest_route=%2Fwp%2Fv2%2Fproduct_cat&post=299"},{"taxonomy":"product_tag","embeddable":true,"href":"https:\/\/voiptech.pl\/index.php?rest_route=%2Fwp%2Fv2%2Fproduct_tag&post=299"}],"curies":[{"name":"wp","href":"https:\/\/api.w.org\/{rel}","templated":true}]}}