{"id":256,"date":"2023-04-09T18:34:12","date_gmt":"2023-04-09T16:34:12","guid":{"rendered":"https:\/\/voiptech.pl\/?post_type=product&#038;p=256"},"modified":"2023-04-09T18:34:40","modified_gmt":"2023-04-09T16:34:40","slug":"ghp610-telefon-hotelowy","status":"publish","type":"product","link":"https:\/\/voiptech.pl\/?product=ghp610-telefon-hotelowy","title":{"rendered":"GHP610 Telefon hotelowy"},"content":{"rendered":"<p>Modele GHP610\/GHP610W i GHP611\/GHP611W to kompaktowe telefony IP wyposa\u017cone w g\u0142o\u015bnik HD w s\u0142uchawce, 2 konta\/linie SIP, 10 klawiszy szybkiego wybierania i 3 klawisze programowalne.\u00a0Te proste telefony IP, nale\u017c\u0105ce do serii telefon\u00f3w hotelowych GHP, s\u0105 r\u00f3wnie\u017c idealne do szpitali, mieszka\u0144, akademik\u00f3w, sklep\u00f3w i nie tylko.<\/p>\n<p>Ta seria obejmuje 2 modele ze zintegrowan\u0105 obs\u0142ug\u0105 dwuzakresowego Wi-Fi (GHP610W i GHP611W), zapewnia tr\u00f3jstronne konferencje g\u0142osowe, obs\u0142uguje pe\u0142nopasmowy kodek g\u0142osowy OPUS i jest wyposa\u017cona w zaawansowany algorytm odporno\u015bci na jitter, kt\u00f3ry toleruje do 30% utraty pakiet\u00f3w bez wp\u0142ywu na jako\u015b\u0107 g\u0142osu.\u00a0Seria GHP jest obs\u0142ugiwana przez system zarz\u0105dzania urz\u0105dzeniami Grandstream (GDMS), kt\u00f3ry zapewnia scentralizowany interfejs do konfigurowania, udost\u0119pniania, zarz\u0105dzania i monitorowania wdro\u017ce\u0144 punkt\u00f3w ko\u0144cowych Grandstream.<\/p>\n","protected":false},"excerpt":{"rendered":"<h3>Cechy produktu Grandstream GHP610:<\/h3>\n<ul>\n<li>2 konta SIP, 2 linie<\/li>\n<li>Zarz\u0105dzanie i udost\u0119pnianie urz\u0105dze\u0144 online GDMS<\/li>\n<li>3-kierunkowe konferencje audio dla \u0142atwych po\u0142\u0105cze\u0144 konferencyjnych<\/li>\n<li>Zintegrowane dwuzakresowe 2,4 GHz i 5 GHz 802.11 a\/b\/g\/n\/ac (tylko GHP610W i GHP611W)<\/li>\n<li>Zawiera jeden port sieciowy 100 Mb\/s z PoE (tylko GHP610 i GHP611)<\/li>\n<li>Etykieta szybkiego wybierania i wymienna p\u0142yta czo\u0142owa umo\u017cliwiaj\u0105 \u0142atw\u0105 personalizacj\u0119<\/li>\n<li>Zgodno\u015b\u0107 z aparatami s\u0142uchowymi (HAC)<\/li>\n<li>Ochrona na poziomie korporacyjnym, w tym bezpieczny rozruch, podw\u00f3jne obrazy oprogramowania uk\u0142adowego i zaszyfrowane przechowywanie danych<\/li>\n<\/ul>\n","protected":false},"featured_media":257,"comment_status":"open","ping_status":"closed","template":"","meta":[],"product_cat":[24,23,18],"product_tag":[],"class_list":{"0":"post-256","1":"product","2":"type-product","3":"status-publish","4":"has-post-thumbnail","6":"product_cat-grandstream","7":"product_cat-hotelowe","8":"product_cat-przewodowe","10":"first","11":"instock","12":"taxable","13":"shipping-taxable","14":"purchasable","15":"product-type-simple"},"_links":{"self":[{"href":"https:\/\/voiptech.pl\/index.php?rest_route=\/wp\/v2\/product\/256","targetHints":{"allow":["GET"]}}],"collection":[{"href":"https:\/\/voiptech.pl\/index.php?rest_route=\/wp\/v2\/product"}],"about":[{"href":"https:\/\/voiptech.pl\/index.php?rest_route=\/wp\/v2\/types\/product"}],"replies":[{"embeddable":true,"href":"https:\/\/voiptech.pl\/index.php?rest_route=%2Fwp%2Fv2%2Fcomments&post=256"}],"wp:featuredmedia":[{"embeddable":true,"href":"https:\/\/voiptech.pl\/index.php?rest_route=\/wp\/v2\/media\/257"}],"wp:attachment":[{"href":"https:\/\/voiptech.pl\/index.php?rest_route=%2Fwp%2Fv2%2Fmedia&parent=256"}],"wp:term":[{"taxonomy":"product_cat","embeddable":true,"href":"https:\/\/voiptech.pl\/index.php?rest_route=%2Fwp%2Fv2%2Fproduct_cat&post=256"},{"taxonomy":"product_tag","embeddable":true,"href":"https:\/\/voiptech.pl\/index.php?rest_route=%2Fwp%2Fv2%2Fproduct_tag&post=256"}],"curies":[{"name":"wp","href":"https:\/\/api.w.org\/{rel}","templated":true}]}}