{"id":163,"date":"2023-04-09T10:50:39","date_gmt":"2023-04-09T08:50:39","guid":{"rendered":"https:\/\/voiptech.pl\/?post_type=product&#038;p=163"},"modified":"2024-07-08T16:16:02","modified_gmt":"2024-07-08T14:16:02","slug":"modul-rozszerzajacy-ax-46","status":"publish","type":"product","link":"https:\/\/voiptech.pl\/?product=modul-rozszerzajacy-ax-46","title":{"rendered":"MODU\u0141 ROZSZERZAJ\u0104CY AX-46"},"content":{"rendered":"<p><strong>Modu\u0142 rozszerzaj\u0105cy z kolorowym wy\u015bwietlaczem LCD<\/strong><\/p>\n<p>&nbsp;<\/p>\n<p>Zarz\u0105dzanie po\u0142\u0105czeniami w du\u017cej firmie nie nale\u017cy do \u0142atwych i cz\u0119sto nawet najbardziej zaawansowany telefon stacjonarny nie jest w stanie sprosta\u0107 temu zadaniu w pojedynk\u0119. Modu\u0142 rozszerzaj\u0105cy AX-46 powsta\u0142, by maksymalnie zwi\u0119kszy\u0107 funkcjonalno\u015b\u0107 Twojego telefonu IP Axtel AX-500W i pom\u00f3c uzyska\u0107 jeszcze wi\u0119ksz\u0105 kontrol\u0119 nad po\u0142\u0105czeniami telefonicznymi pracownikom na stanowiskach asystenckich i sekretarskich.<\/p>\n<p>&nbsp;<\/p>\n<p>Du\u017cy, 5-calowy kolorowy wy\u015bwietlacz LCD zapewnia estetyczny i czytelny obraz. Mo\u017cliwo\u015b\u0107 zaprogramowania 20 przycisk\u00f3w do 40 funkcji wedle potrzeb u\u017cytkownika, m.in. BLF, szybkie wybieranie numeru, odbieranie przychodz\u0105cego po\u0142\u0105czenia. Wyposa\u017cony w dodatkowe dwa przyciski do przechodzenia pomi\u0119dzy stronami na wy\u015bwietlaczu modu\u0142u.<\/p>\n<p>&nbsp;<\/p>\n","protected":false},"excerpt":{"rendered":"<p><strong>Kluczowe cechy:<\/strong><\/p>\n<p>&nbsp;<\/p>\n<p>\u2013 Du\u017cy, 5-calowy kolorowy wy\u015bwietlacz LCD 800\u00d7480 pikseli<br \/>\n\u2013 20 programowalnych przycisk\u00f3w<br \/>\n\u2013 2 strony oraz 2 przyciski steruj\u0105ce<br \/>\n\u2013 Opcje wstrzymania (zar\u00f3wno indywidualnego jak i grupowego), odebrania i przekazania po\u0142\u0105czenia, ponownego wybrania, oddzwonienia, wy\u015bwietlanie identyfikatora rozm\u00f3wcy, DND, BLF.- Certyfikat RoHS, FCC, CE<br \/>\n\u2013 Obs\u0142uga a\u017c do 6 \u0142a\u0144cuchowo po\u0142\u0105czonych modu\u0142\u00f3w<\/p>\n","protected":false},"featured_media":164,"comment_status":"open","ping_status":"closed","template":"","meta":[],"product_cat":[17,22,18],"product_tag":[],"class_list":{"0":"post-163","1":"product","2":"type-product","3":"status-publish","4":"has-post-thumbnail","6":"product_cat-bez-kategorii","7":"product_cat-axtel","8":"product_cat-przewodowe","10":"first","11":"instock","12":"taxable","13":"shipping-taxable","14":"purchasable","15":"product-type-simple"},"_links":{"self":[{"href":"https:\/\/voiptech.pl\/index.php?rest_route=\/wp\/v2\/product\/163","targetHints":{"allow":["GET"]}}],"collection":[{"href":"https:\/\/voiptech.pl\/index.php?rest_route=\/wp\/v2\/product"}],"about":[{"href":"https:\/\/voiptech.pl\/index.php?rest_route=\/wp\/v2\/types\/product"}],"replies":[{"embeddable":true,"href":"https:\/\/voiptech.pl\/index.php?rest_route=%2Fwp%2Fv2%2Fcomments&post=163"}],"wp:featuredmedia":[{"embeddable":true,"href":"https:\/\/voiptech.pl\/index.php?rest_route=\/wp\/v2\/media\/164"}],"wp:attachment":[{"href":"https:\/\/voiptech.pl\/index.php?rest_route=%2Fwp%2Fv2%2Fmedia&parent=163"}],"wp:term":[{"taxonomy":"product_cat","embeddable":true,"href":"https:\/\/voiptech.pl\/index.php?rest_route=%2Fwp%2Fv2%2Fproduct_cat&post=163"},{"taxonomy":"product_tag","embeddable":true,"href":"https:\/\/voiptech.pl\/index.php?rest_route=%2Fwp%2Fv2%2Fproduct_tag&post=163"}],"curies":[{"name":"wp","href":"https:\/\/api.w.org\/{rel}","templated":true}]}}