{"id":157,"date":"2023-04-09T10:36:33","date_gmt":"2023-04-09T08:36:33","guid":{"rendered":"https:\/\/voiptech.pl\/?post_type=product&#038;p=157"},"modified":"2023-04-09T10:38:21","modified_gmt":"2023-04-09T08:38:21","slug":"telefon-ip-ax-400g","status":"publish","type":"product","link":"https:\/\/voiptech.pl\/?product=telefon-ip-ax-400g","title":{"rendered":"Telefon IP AX-400G"},"content":{"rendered":"<h3 class=\"aos-init aos-animate\" data-aos=\"fade-up\">Dane techniczne<\/h3>\n<div class=\"technical-description__text\">\n<div class=\"technical-description__left aos-init aos-animate\" data-aos=\"fade-up\">\n<h4>Telefon IP AX-400G opcje:<\/h4>\n<ul>\n<li>Do 8 kont SIP<\/li>\n<li>Zawieszanie po\u0142\u0105cze\u0144, wyciszanie,<\/li>\n<li>funkcja \u201enie przeszkadza\u0107\u201d (DND)<\/li>\n<li>Szybkie po\u0142\u0105czenie przy pomocy 1 przycisku, gor\u0105ca linia<\/li>\n<li>Przekazywanie po\u0142\u0105cze\u0144, po\u0142\u0105czenia oczekuj\u0105ce, transfery po\u0142\u0105cze\u0144<\/li>\n<li>Ponowne wybieranie, oddzwanianie, automatyczne odbieranie<\/li>\n<li>5-stronna konferencja<\/li>\n<li>Funkcja g\u0142o\u015bnom\u00f3wi\u0105ca, SMS, po\u0142\u0105czenie alarmowe<\/li>\n<li>Mo\u017cliwo\u015b\u0107 zmiany sygna\u0142u dzwonka<\/li>\n<li>Automatyczne lub r\u0119czne ustawianie daty i godziny<\/li>\n<li>Osobny plan wybierania po\u0142\u0105cze\u0144 dla ka\u017cdego konta<\/li>\n<li>RTCP-XR (RFC3611), VQ-RTCPXR (RFC6035)<\/li>\n<li>Wsparcie EHS<\/li>\n<\/ul>\n<h4>Kodeki g\u0142osowe<\/h4>\n<ul>\n<li>G\u0142os HD, s\u0142uchawka r\u0119czna HD, g\u0142o\u015bnik HD<\/li>\n<li>Kodeki: iLBC, G.722, G.711(A\/\u03bc), Opus G.723, G.729AB, G.726-32<\/li>\n<li>DTMF: In-band, RFC 2833, SIP INFO<\/li>\n<li>Zestaw g\u0142o\u015bnom\u00f3wi\u0105cy Full duplex z AEC VAD, AGC, CNG, AEC, PLC, AJB<\/li>\n<\/ul>\n<h4>Ksi\u0105\u017cka adresowa<\/h4>\n<ul>\n<li>Lokalna ksi\u0105\u017cka adresowa do 1000 wpis\u00f3w<\/li>\n<li>Zdalna ksi\u0105\u017cka adresowa XML\/LDAP<\/li>\n<li>Inteligentna metoda wyszukiwania<\/li>\n<li>Wyszukiwanie\/import\/eksport kontakt\u00f3w danych z bazy<\/li>\n<li>Historia po\u0142\u0105cze\u0144: wychodz\u0105ce\/przychodz\u0105ce\/ nieodebrane\/przekazane dalej<\/li>\n<li>Czarna lista niechcianych kontakt\u00f3w<\/li>\n<\/ul>\n<h4>Opcje IP-PBX<\/h4>\n<ul>\n<li>Sygnalizacja zaj\u0119to\u015bci linii (BLF),<\/li>\n<li>Sygnalizacja linii wsp\u00f3\u0142dzielonej (BLA)<\/li>\n<li>Anonimowe wykonywanie\/odrzucanie po\u0142\u0105cze\u0144<\/li>\n<li>Wska\u017anik wiadomo\u015bci oczekuj\u0105cej (MWI), poczta g\u0142osowa<\/li>\n<li>Interkom<\/li>\n<li>Odbieranie, wstrzymywanie oraz przekazywanie po\u0142\u0105cze\u0144<\/li>\n<li>Muzyka na czekanie<\/li>\n<li>Hot-desking<\/li>\n<\/ul>\n<h4>Wy\u015bwietlacz i wska\u017aniki<\/h4>\n<ul>\n<li>2,8\u2033 kolorowy wy\u015bwietlacz o rozdzielczo\u015bci 320\u00d7240 pikseli, z pod\u015bwietlenie z 16-bitow\u0105 g\u0142\u0119bi\u0105 kolor\u00f3w<\/li>\n<li>Wska\u017anik LED po\u0142\u0105cze\u0144 oczekuj\u0105cych\/wiadomo\u015bci<\/li>\n<li>Dwukolorowe (bia\u0142e lub pomara\u0144czowe)<\/li>\n<li>pod\u015bwietlenie przycisk\u00f3w funkcyjnych<\/li>\n<li>Intuicyjny interfejs u\u017cytkownika z ikonami i przyciskami<\/li>\n<li>Mo\u017cliwo\u015b\u0107 zmiany tapety i j\u0119zyka<\/li>\n<li>Identyfikacja dzwoni\u0105cego (ID) z nazw\u0105, numerem i zdj\u0119ciem<\/li>\n<\/ul>\n<h4>Interfejs<\/h4>\n<ul>\n<li>Dwuportowy Gigabit Ethernet<\/li>\n<li>Power over Ethernet (PoE) (IEEE 802.3af), class 3<\/li>\n<li>1 port RJ9 (4P4C) dla s\u0142uchawki<\/li>\n<li>1 port RJ9 (4P4C) dla zestawu s\u0142uchawkowego<\/li>\n<\/ul>\n<\/div>\n<div class=\"technical-description__right aos-init aos-animate\" data-aos=\"fade-up\">\n<h4>Telefon IP AX-400G funkcje<\/h4>\n<ul>\n<li>6 przycisk\u00f3w linii z diodami LED<\/li>\n<li>6 przycisk\u00f3w linii z mo\u017cliwo\u015bci\u0105 zaprogramowania<\/li>\n<li>20 r\u00f3\u017cnych funkcji (widok 4-stronicowy)<\/li>\n<li>8 przycisk\u00f3w funkcyjnych: poczta g\u0142osowa, zestaw s\u0142uchawkowy, wycisz, g\u0142o\u015bnik, przeka\u017c po\u0142\u0105czenie, wybierz ponownie<\/li>\n<li>4 kontekstowe przyciski wielofunkcyjne<\/li>\n<li>6 przycisk\u00f3w nawigacyjnych, przyciski regulacji g\u0142o\u015bno\u015bci<\/li>\n<li>Pod\u015bwietlany przycisk trybu g\u0142o\u015bnom\u00f3wi\u0105cego zestawu s\u0142uchawkowego \/ wyciszenia<\/li>\n<\/ul>\n<h4>Charakterystyka fizyczna<\/h4>\n<ul>\n<li>Podstawka z dwoma regulowanymi k\u0105tami nachylenia<\/li>\n<li>Mo\u017cliwo\u015b\u0107 monta\u017cu na \u015bcianie<\/li>\n<li>Uniwersalny zewn\u0119trzny zasilacz AC (opcjonalnie): Wej\u015bcie AC 100~240 V, wyj\u015bcie DC 5 V \/ 1,2 A<\/li>\n<li>Zu\u017cycie energii (zasilacz): 1,8~4,4 W<\/li>\n<li>Zu\u017cycie energii (PoE): 2,3~5,3 W<\/li>\n<li>Zalecana wilgotno\u015b\u0107 otoczenia: 10~95%<\/li>\n<li>Zalecana temperatura otoczenia: -10~50\u00b0C<\/li>\n<\/ul>\n<h4>Zarz\u0105dzanie<\/h4>\n<ul>\n<li>Konfiguracja: przegl\u0105darka \/ menu LCD<\/li>\n<li>Automatyczna konfiguracja przez HTTP\/HTTPS FTP\/TFTP<\/li>\n<li>Automatyczna konfiguracja przy pomocy PnP<\/li>\n<li>Przywr\u00f3cenie ustawie\u0144 fabrycznych, reset, restart<\/li>\n<li>Eksport lokalnego dziennika systemowego<\/li>\n<li>Blokada telefonu poprzez PIN<\/li>\n<\/ul>\n<h4>Sie\u0107 i bezpiecze\u0144stwo<\/h4>\n<ul>\n<li>SIP v1 (RFC2543), v2 (RFC3261)<\/li>\n<li>SIP server\/proxy redundancy<\/li>\n<li>NAT Traversal: STUN mode<\/li>\n<li>DHCP\/static\/PPPoE\/IEEE802.1X\/open VPN<\/li>\n<li>HTTP\/HTTPS web server<\/li>\n<li>Synchronizacja daty i godziny przez SNTP<\/li>\n<li>DNS-NAPTR\/DNS-SRV (RFC 3263)<\/li>\n<li>QoS: 802.1p\/Q tagging (VLAN)<\/li>\n<li>Layer 3 ToS DSCP<\/li>\n<li>TLS (Transport Layer Security), SRTP, ZRTP<\/li>\n<li>Zarz\u0105dzanie certyfikatami HTTPS<\/li>\n<li>Szyfrowanie pliku konfiguracyjnego poprzez AES<\/li>\n<li>Digest authentication using MD5\/MD5-sess<\/li>\n<li>Wsparcie dla IPv6<\/li>\n<\/ul>\n<h4>Zawarto\u015b\u0107 opakowania<\/h4>\n<ul>\n<li>Telefon Axtel AX-400G<\/li>\n<li>S\u0142uchawka z kablem<\/li>\n<li>Podstawka<\/li>\n<li>Instrukcja obs\u0142ugi<\/li>\n<li>Kabel Ethernet ( 1,5m Cat 5E )<\/li>\n<\/ul>\n<\/div>\n<\/div>\n","protected":false},"excerpt":{"rendered":"<p>Telefon IP AX-400G to innowacyjny telefon IP z wbudowanym wy\u015bwietlaczem TFT-LCD 2,8\u201d o rozdzielczo\u015bci 320*240 pikseli, dwuportowym gigabitowym prze\u0142\u0105cznikiem. Posiada 6 przycisk\u00f3w linii z diodami LED, do 8 kont SIP oraz 5-stronne po\u0142\u0105czenia konferencyjne. Model z serii multimedialnej zapewnia najwy\u017csz\u0105 jako\u015b\u0107 d\u017awi\u0119ku HD bez zb\u0119dnych odg\u0142os\u00f3w echa i zak\u0142\u00f3ce\u0144. Zaprojektowany dla \ufb01rm, kt\u00f3re stawiaj\u0105 na niezawodno\u015b\u0107 i przyst\u0119pn\u0105 cen\u0119. Sprawd\u017a tak\u017ce nasze inne\u00a0<a href=\"https:\/\/axtelworld.pl\/telefony\/\">telefony IP<\/a>.<\/p>\n","protected":false},"featured_media":158,"comment_status":"open","ping_status":"closed","template":"","meta":[],"product_cat":[22,18],"product_tag":[],"class_list":{"0":"post-157","1":"product","2":"type-product","3":"status-publish","4":"has-post-thumbnail","6":"product_cat-axtel","7":"product_cat-przewodowe","9":"first","10":"instock","11":"taxable","12":"shipping-taxable","13":"purchasable","14":"product-type-simple"},"_links":{"self":[{"href":"https:\/\/voiptech.pl\/index.php?rest_route=\/wp\/v2\/product\/157","targetHints":{"allow":["GET"]}}],"collection":[{"href":"https:\/\/voiptech.pl\/index.php?rest_route=\/wp\/v2\/product"}],"about":[{"href":"https:\/\/voiptech.pl\/index.php?rest_route=\/wp\/v2\/types\/product"}],"replies":[{"embeddable":true,"href":"https:\/\/voiptech.pl\/index.php?rest_route=%2Fwp%2Fv2%2Fcomments&post=157"}],"wp:featuredmedia":[{"embeddable":true,"href":"https:\/\/voiptech.pl\/index.php?rest_route=\/wp\/v2\/media\/158"}],"wp:attachment":[{"href":"https:\/\/voiptech.pl\/index.php?rest_route=%2Fwp%2Fv2%2Fmedia&parent=157"}],"wp:term":[{"taxonomy":"product_cat","embeddable":true,"href":"https:\/\/voiptech.pl\/index.php?rest_route=%2Fwp%2Fv2%2Fproduct_cat&post=157"},{"taxonomy":"product_tag","embeddable":true,"href":"https:\/\/voiptech.pl\/index.php?rest_route=%2Fwp%2Fv2%2Fproduct_tag&post=157"}],"curies":[{"name":"wp","href":"https:\/\/api.w.org\/{rel}","templated":true}]}}