{"id":149,"date":"2023-04-09T10:10:18","date_gmt":"2023-04-09T08:10:18","guid":{"rendered":"https:\/\/voiptech.pl\/?post_type=product&#038;p=149"},"modified":"2023-04-09T10:32:36","modified_gmt":"2023-04-09T08:32:36","slug":"telefon-ip-ax-300g","status":"publish","type":"product","link":"https:\/\/voiptech.pl\/?product=telefon-ip-ax-300g","title":{"rendered":"Telefon IP AX-300G"},"content":{"rendered":"<h3 class=\"aos-init aos-animate\" data-aos=\"fade-up\">Telefon VOIP AX-300G Dane techniczne<\/h3>\n<div class=\"technical-description__text\">\n<div class=\"technical-description__left aos-init aos-animate\" data-aos=\"fade-up\">\n<h4>Telefon VOIP AX-300G opcje<\/h4>\n<ul>\n<li>Do 4 kont SIP<\/li>\n<li>Zawieszanie po\u0142\u0105cze\u0144, wyciszanie,<\/li>\n<li>funkcja \u201enie przeszkadza\u0107\u201d (DND)<\/li>\n<li>Szybkie po\u0142\u0105czenie przy pomocy 1 przycisku, gor\u0105ca linia<\/li>\n<li>Przekazywanie po\u0142\u0105cze\u0144, po\u0142\u0105czenia oczekuj\u0105ce,<\/li>\n<li>transfery po\u0142\u0105cze\u0144, ponowne wybieranie, oddzwanianie,<\/li>\n<li>automatyczne odbieranie,<\/li>\n<li>5-stronna konferencja<\/li>\n<li>Funkcja g\u0142o\u015bnom\u00f3wi\u0105ca, SMS, po\u0142\u0105czenie alarmowe<\/li>\n<li>Mo\u017cliwo\u015b\u0107 zmiany sygna\u0142u dzwonka<\/li>\n<li>Automatyczne lub r\u0119czne ustawianie daty i godziny<\/li>\n<li>Osobny plan wybierania po\u0142\u0105cze\u0144 dla ka\u017cdego konta<\/li>\n<li>RTCP-XR (RFC3611), VQ-RTCPXR (RFC6035)<\/li>\n<li>Action URL\/URI<\/li>\n<\/ul>\n<h4>Kodeki g\u0142osowe<\/h4>\n<ul>\n<li>G\u0142os HD, s\u0142uchawka r\u0119czna HD, g\u0142o\u015bnik HD<\/li>\n<li>Kodeki: iLBC, G.722, G.711(A\/\u03bc), Opus, G.723, G.729AB, G.726-32, DTMF: In-band, RFC 2833,<\/li>\n<li>SIP INFO<\/li>\n<li>Zestaw g\u0142o\u015bnom\u00f3wi\u0105cy Full duplex z AEC VAD, AGC, CNG, AEC, PLC, AJB<\/li>\n<\/ul>\n<h4>Ksi\u0105\u017cka adresowa<\/h4>\n<ul>\n<li>Lokalna ksi\u0105\u017cka adresowa do 1000 wpis\u00f3w<\/li>\n<li>Zdalna ksi\u0105\u017cka adresowa XML\/LDAP<\/li>\n<li>Inteligentna metoda wyszukiwania<\/li>\n<li>Wyszukiwanie\/import\/eksport kontakt\u00f3w z bazy<\/li>\n<li>Historia po\u0142\u0105cze\u0144: wychodz\u0105ce\/przychodz\u0105ce\/nieodebrane\/przekazane dalej<\/li>\n<li>Czarna lista niechcianych kontakt\u00f3w<\/li>\n<\/ul>\n<h4>Opcje IP-PBX<\/h4>\n<ul>\n<li>Sygnalizacja zaj\u0119to\u015bci linii (BLF),<\/li>\n<li>Sygnalizacja linii wsp\u00f3\u0142dzielonej (BLA),<\/li>\n<li>anonimowe wykonywanie\/odrzucanie po\u0142\u0105cze\u0144<\/li>\n<li>Wska\u017anik wiadomo\u015bci oczekuj\u0105cej (MWI), poczta g\u0142osowa<\/li>\n<li>Interkom<\/li>\n<li>Odbieranie, wstrzymywanie oraz przekazywanie po\u0142\u0105cze\u0144<\/li>\n<li>Muzyka na czekanie<\/li>\n<li>Hot-desking<\/li>\n<\/ul>\n<h4>Wy\u015bwietlacz i wska\u017aniki<\/h4>\n<ul>\n<li>Monochromatyczny wy\u015bwietlacz LCD 192\u00d764 piksele z pod\u015bwietleniem,<\/li>\n<li>pod\u015bwietlenie LED dla oczekuj\u0105cych po\u0142\u0105cze\u0144 i wiadomo\u015bci<\/li>\n<li>Wska\u017aniki LED statusu linii<\/li>\n<li>Intuicyjny interfejs u\u017cytkownika z ikonami i przyciskami wielofunkcyjnymi<\/li>\n<li>Mo\u017cliwo\u015b\u0107 zmiany j\u0119zyka<\/li>\n<li>Identyfikacja dzwoni\u0105cego (ID) z nazw\u0105 i numerem<\/li>\n<\/ul>\n<\/div>\n<div class=\"technical-description__right aos-init aos-animate\" data-aos=\"fade-up\">\n<h4>Telefon VOIP AX-300G Interfejs<\/h4>\n<ul>\n<li>Dwuportowy Gigabit Ethernet<\/li>\n<li>Power over Ethernet (PoE) (IEEE 802.3af), class 2, 1 port RJ9 (4P4C) dla s\u0142uchawki<\/li>\n<li>1 port RJ9 (4P4C) dla zestawu s\u0142uchawkowego<\/li>\n<\/ul>\n<h4>Przyciski funkcyjne<\/h4>\n<ul>\n<li>4 przyciski linii z diodami LED<\/li>\n<li>4 przyciski linii z mo\u017cliwo\u015bci\u0105 zaprogramowania<\/li>\n<li>12 r\u00f3\u017cnych funkcji (widok 4-stronicowy)<\/li>\n<li>6 przycisk\u00f3w funkcyjnych: poczta g\u0142osowa, zestaw s\u0142uchawkowy, wycisz, g\u0142o\u015bnik, przeka\u017c po\u0142\u0105czenie, wybierz ponownie<\/li>\n<li>4 kontekstowe przyciski wielofunkcyjne<\/li>\n<li>6 przycisk\u00f3w nawigacyjnych, przyciski regulacji g\u0142o\u015bno\u015bci<\/li>\n<li>Przycisk trybu g\u0142o\u015bnom\u00f3wi\u0105cego\/zestawu s\u0142uchawkowego \/ wyciszenia<\/li>\n<\/ul>\n<h4>Charakterystyka fizyczna<\/h4>\n<ul>\n<li>Podstawka z dwoma regulowanymi k\u0105tami nachylenia<\/li>\n<li>Mo\u017cliwo\u015b\u0107 monta\u017cu na \u015bcianie<\/li>\n<li>Uniwersalny zewn\u0119trzny zasilacz AC (opcjonalnie):<\/li>\n<li>Wej\u015bcie AC 100~240 V, wyj\u015bcie DC 5 V \/ 1,2 A<\/li>\n<li>Zu\u017cycie energii (zasilacz): 1,8~4,4 W<\/li>\n<li>Zu\u017cycie energii (PoE): 2,3~5,3 W<\/li>\n<li>Zalecana wilgotno\u015b\u0107 otoczenia: 10~95%<\/li>\n<li>Zalecana temperatura otoczenia: -10~50\u00b0C<\/li>\n<\/ul>\n<h4>Zarz\u0105dzanie<\/h4>\n<ul>\n<li>Konfiguracja: przegl\u0105darka \/ menu LCD<\/li>\n<li>Automatyczna konfiguracja przez HTTP\/HTTPS FTP\/TFTP<\/li>\n<li>Automatyczna konfiguracja przy pomocy PnP<\/li>\n<li>Przywr\u00f3cenie ustawie\u0144 fabrycznych, reset, restart<\/li>\n<li>Eksport lokalnego dziennika systemowego<\/li>\n<li>Blokada telefonu poprzez PIN<\/li>\n<\/ul>\n<h4>Sie\u0107 i bezpiecze\u0144stwo<\/h4>\n<ul>\n<li>SIP v1 (RFC2543), v2 (RFC3261)<\/li>\n<li>SIP server\/proxy redundancy<\/li>\n<li>NAT Traversal: STUN mode<\/li>\n<li>DHCP\/static\/PPPoE\/IEEE802.1X\/open VPN<\/li>\n<li>HTTP\/HTTPS web server<\/li>\n<li>Synchronizacja daty i godziny przez SNTP<\/li>\n<li>DNS-NAPTR\/DNS-SRV(RFC 3263)<\/li>\n<li>QoS: 802.1p\/Q tagging (VLAN)<\/li>\n<li>Layer 3 ToS DSCP<\/li>\n<li>TLS (Transport Layer Security), SRTP, ZRTP<\/li>\n<li>Zarz\u0105dzanie certyfikatami HTTPS<\/li>\n<li>Szyfrowanie pliku konfiguracyjnego poprzez AES<\/li>\n<li>Digest authentication using MD5\/MD5-sess<\/li>\n<li>Wsparcie dla IPv6<\/li>\n<\/ul>\n<h4>Zawarto\u015b\u0107 opakowania<\/h4>\n<ul>\n<li>Telefon Axtel AX-300G<\/li>\n<li>S\u0142uchawka z kablem<\/li>\n<li>Podstawka<\/li>\n<li>Instrukcja obs\u0142ugi<\/li>\n<li>Kabel Ethernet ( 1,5m Cat 5E )<\/li>\n<\/ul>\n<\/div>\n<\/div>\n","protected":false},"excerpt":{"rendered":"<div class=\"phone-product__text__subtitle\">Klasyczny telefon IP AX-300G \u2013 stworzony z my\u015bl\u0105 o biznesie.<\/div>\n<p>AX-300G to \u0142atwy w u\u017cytkowaniu, nowoczesny telefon IP, posiadaj\u0105cy 4 konta SIP, 4 przyciski kontekstowe oraz 5-stronne po\u0142\u0105czenia konferencyjne. Ten telefon IP wyposa\u017cony jest w zaawansowany system redukcji zak\u0142\u00f3ce\u0144, dzi\u0119ki czemu przyczynia si\u0119 do usprawnienia komunikacji i zwi\u0119kszenia wydajno\u015bci pracy.<\/p>\n","protected":false},"featured_media":150,"comment_status":"open","ping_status":"closed","template":"","meta":[],"product_cat":[22,18],"product_tag":[],"class_list":{"0":"post-149","1":"product","2":"type-product","3":"status-publish","4":"has-post-thumbnail","6":"product_cat-axtel","7":"product_cat-przewodowe","9":"first","10":"instock","11":"taxable","12":"shipping-taxable","13":"purchasable","14":"product-type-simple"},"_links":{"self":[{"href":"https:\/\/voiptech.pl\/index.php?rest_route=\/wp\/v2\/product\/149","targetHints":{"allow":["GET"]}}],"collection":[{"href":"https:\/\/voiptech.pl\/index.php?rest_route=\/wp\/v2\/product"}],"about":[{"href":"https:\/\/voiptech.pl\/index.php?rest_route=\/wp\/v2\/types\/product"}],"replies":[{"embeddable":true,"href":"https:\/\/voiptech.pl\/index.php?rest_route=%2Fwp%2Fv2%2Fcomments&post=149"}],"wp:featuredmedia":[{"embeddable":true,"href":"https:\/\/voiptech.pl\/index.php?rest_route=\/wp\/v2\/media\/150"}],"wp:attachment":[{"href":"https:\/\/voiptech.pl\/index.php?rest_route=%2Fwp%2Fv2%2Fmedia&parent=149"}],"wp:term":[{"taxonomy":"product_cat","embeddable":true,"href":"https:\/\/voiptech.pl\/index.php?rest_route=%2Fwp%2Fv2%2Fproduct_cat&post=149"},{"taxonomy":"product_tag","embeddable":true,"href":"https:\/\/voiptech.pl\/index.php?rest_route=%2Fwp%2Fv2%2Fproduct_tag&post=149"}],"curies":[{"name":"wp","href":"https:\/\/api.w.org\/{rel}","templated":true}]}}