{"id":146,"date":"2023-04-09T09:59:06","date_gmt":"2023-04-09T07:59:06","guid":{"rendered":"https:\/\/voiptech.pl\/?post_type=product&#038;p=146"},"modified":"2023-04-09T10:01:16","modified_gmt":"2023-04-09T08:01:16","slug":"axtel-ax-200-ip","status":"publish","type":"product","link":"https:\/\/voiptech.pl\/?product=axtel-ax-200-ip","title":{"rendered":"Axtel AX-200 IP"},"content":{"rendered":"<div class=\"technical-description__left aos-init aos-animate\" data-aos=\"fade-up\">\n<h4>Telefon IP AX-200 funkcje<\/h4>\n<ul>\n<li>1 konto SIP<\/li>\n<li>Wstrzymanie\/wyciszanie po\u0142\u0105cze\u0144, DND<\/li>\n<li>Szybkie wybieranie jednym dotkni\u0119ciem, funkcja hotline<\/li>\n<li>Przekazywanie po\u0142\u0105cze\u0144, po\u0142\u0105czenia oczekuj\u0105ce, transfer po\u0142\u0105cze\u0144<\/li>\n<li>Ponowne wybieranie numeru, oddzwanianie, automatyczne odbieranie, bezpo\u015brednie po\u0142\u0105czenie IP<\/li>\n<li>Konferencje 5-stronne<\/li>\n<li>Szybkie wybieranie, ponowne wybieranie<\/li>\n<li>Przekierowywanie, po\u0142\u0105czenia oczekuj\u0105ce, transfer po\u0142\u0105cze\u0144<\/li>\n<li>Funkcja g\u0142o\u015bnom\u00f3wi\u0105ca, SMS<\/li>\n<li>S\u0142uchanie grupowe, SMS, po\u0142\u0105czenie alarmowe<\/li>\n<li>Wyb\u00f3r dzwonka<\/li>\n<li>R\u0119czne lub automatyczne ustawianie daty i godziny<\/li>\n<li>Plan numeracyjny<\/li>\n<li>RTCP-XR (RFC3611), VO-RTCPXR (RFC6035)<\/li>\n<li>Identyfikator URL \/ URI<\/li>\n<\/ul>\n<h4>Interfejs<\/h4>\n<ul>\n<li>Dwa porty 10 \/ 100M Eternet<\/li>\n<li>PoE (IEEE 802.3af), klasa 2<\/li>\n<li>1 port RJ9 (4P4C) na s\u0142uchawk\u0119 przewodow\u0105<\/li>\n<li>1 port RJ9 (4P4C) na zestaw s\u0142uchawkowy<\/li>\n<\/ul>\n<h4>Cechy fizyczne<\/h4>\n<ul>\n<li>Stojak pochylony pod k\u0105tem pod k\u0105tem 40 \u00b0<\/li>\n<li>Mo\u017cliwo\u015b\u0107 monta\u017cu na \u015bcianie<\/li>\n<li>Zewn\u0119trzny uniwersalny zasilacz sieciowy: Wej\u015bcie AC 100 ~ 240 V i wyj\u015bcie DC 5 V \/ 1,2 A.<\/li>\n<li>Pob\u00f3r mocy (zasilacz): 1,6 ~ 2,6 W.<\/li>\n<li>Pob\u00f3r mocy (PoE): 2,0 ~ 3,2 W.<\/li>\n<li>Dopuszczalna wilgotno\u015b\u0107 pracy: 10 ~ 95%<\/li>\n<li>Dopuszczalna temperatura pracy: -10 ~ 50 \u00b0 C<\/li>\n<\/ul>\n<h4>Zarz\u0105dzanie<\/h4>\n<ul>\n<li>Konfiguracja: przegl\u0105darka \/ LCD-Menu \/ auto-provision<\/li>\n<li>Auto-provision przez HTTP \/ HTTPS, FTP \/ TFTP<\/li>\n<li>Auto-provision za pomoc\u0105 PnP<\/li>\n<li>Obs\u0142uga SNMP i TR-069<\/li>\n<li>Przywracanie ustawie\u0144 fabrycznych, ponowne uruchomienie<\/li>\n<li>Eksport \u015bledzenia danych, dziennik systemowy<\/li>\n<li>Blokada telefonu w celu ochrony prywatno\u015bci<\/li>\n<\/ul>\n<h4>Klawisze funkcyjne<\/h4>\n<ul>\n<li>6 klawiszy funkcyjnych: wyciszenie, zestaw s\u0142uchawkowy, wiadomo\u015b\u0107, transfer, ponowne wybieranie, g\u0142o\u015bnik<\/li>\n<li>4 klawisze kontekstowe<\/li>\n<li>5 klawiszy nawigacyjnych, klawisze regulacji g\u0142o\u015bno\u015bci<\/li>\n<\/ul>\n<\/div>\n<div class=\"technical-description__right aos-init aos-animate\" data-aos=\"fade-up\">\n<h4>Telefon IP AX-200 w\u0142a\u015bciwo\u015bci audio<\/h4>\n<ul>\n<li>D\u017awi\u0119k HD w s\u0142uchawce i g\u0142o\u015bniku<\/li>\n<li>Kodeki: iLBC, G.722, G.711 (A \/ \u03bc), Opus G.723, G.729AB, G.726-32<\/li>\n<li>DTMF: in-band, RFC 2833, SIP INFO<\/li>\n<li>Zestaw g\u0142o\u015bnom\u00f3wi\u0105cy z pe\u0142nym dupleksem i AEC<\/li>\n<li>VAD, AGC, CNG, AEC, PLC, AJB<\/li>\n<\/ul>\n<h4>Ksi\u0105\u017cka telefoniczna<\/h4>\n<ul>\n<li>Lokalna ksi\u0105\u017cka telefoniczna do 1000 wpis\u00f3w<\/li>\n<li>Zdalna ksi\u0105\u017cka telefoniczna XML \/ LDAP<\/li>\n<li>Inteligentne wyszukiwanie<\/li>\n<li>Wyszukiwanie \/ import \/ eksport ksi\u0105\u017cki telefonicznej<\/li>\n<li>Historia po\u0142\u0105cze\u0144: wykonane \/ odebrane \/ nieodebrane \/ przekazane<\/li>\n<li>Czarna lista<\/li>\n<\/ul>\n<h4>Integracja z IP-PBX<\/h4>\n<ul>\n<li>BLF, BLA<\/li>\n<li>Anonimowe wykonywanie i odrzucanie po\u0142\u0105cze\u0144<\/li>\n<li>Wska\u017anik wiadomo\u015bci oczekuj\u0105cej (MWI), poczta g\u0142osowa<\/li>\n<li>Interkom, paging<\/li>\n<li>Parkowanie i odbieranie po\u0142\u0105cze\u0144<\/li>\n<li>Muzyka na czekanie<\/li>\n<li>Hot-desking<\/li>\n<\/ul>\n<h4>Wy\u015bwietlacz i wska\u017aniki<\/h4>\n<ul>\n<li>Graficzny wy\u015bwietlacz LCD 132\u00d748 pikseli z pod\u015bwietleniem<\/li>\n<li>Dioda LED sygnalizuj\u0105ca oczekuj\u0105ce po\u0142\u0105czenia i wiadomo\u015bci<\/li>\n<li>Wska\u017anik LED statusu linii<\/li>\n<li>Intuicyjny interfejs u\u017cytkownika z ikonami i klawiszami funkcyjnymi<\/li>\n<li>Wyb\u00f3r j\u0119zyka<\/li>\n<li>Identyfikacja dzwoni\u0105cego z nazw\u0105 i numerem<\/li>\n<\/ul>\n<h4>Sieci i bezpiecze\u0144stwo<\/h4>\n<ul>\n<li>SIP v1 (RFC2543), v2 (RFC3261)<\/li>\n<li>Redundancja serwera SIP \/ proxy<\/li>\n<li>NAT Traversal: tryb STUN<\/li>\n<li>DHCP \/ statyczne \/ PPPoE \/ IEEE802.1X \/ otwarte VPN<\/li>\n<li>Serwer WWW HTTP \/ HTTPS<\/li>\n<li>Synchronizacja czasu i daty przez SNTP<\/li>\n<li>DNS-NAPTR \/ DNS-SRV (RFC 3263)<\/li>\n<li>QoS: tagowanie 802.1p \/ Q (VLAN),<\/li>\n<li>Warstwa 3 ToS DSCP<\/li>\n<li>TLS (Transport Layer Security), SRTP, ZRTP<\/li>\n<li>Zarz\u0105dzanie certyfikatami HTTPS<\/li>\n<li>Szyfrowanie AES dla plik\u00f3w konfiguracyjnych<\/li>\n<li>Uwierzytelnianie za pomoc\u0105 MD5 \/ MD5-sess<\/li>\n<li>Obs\u0142ugiwany protok\u00f3\u0142 IPv6<\/li>\n<\/ul>\n<\/div>\n","protected":false},"excerpt":{"rendered":"<p>Telefon IP AX-200 to\u00a0<strong>nowy<\/strong>\u00a0produkt z serii\u00a0<a href=\"https:\/\/axtelworld.pl\/telefony\/\">telefon\u00f3w IP<\/a>\u00a0od Axtel. Prosty a jednocze\u015bnie oferuj\u0105cy funkcje, kt\u00f3re z regu\u0142y mo\u017cna znale\u017a\u0107 w bardziej zaawansowanych modelach. Telefon dedykowany jest dla pracownik\u00f3w biurowych. Zachwyca solidn\u0105 konstrukcj\u0105. Zosta\u0142 wykonany z wysokiej jako\u015bci materia\u0142\u00f3w, odpornych na uszkodzenia mechaniczne. Wbudowany wy\u015bwietlacz LCD z pod\u015bwietleniem zapewni szybki i \u0142atwy podgl\u0105d na oczekuj\u0105ce wiadomo\u015bci i po\u0142\u0105czenia.<\/p>\n","protected":false},"featured_media":147,"comment_status":"open","ping_status":"closed","template":"","meta":[],"product_cat":[17,22,18],"product_tag":[],"class_list":{"0":"post-146","1":"product","2":"type-product","3":"status-publish","4":"has-post-thumbnail","6":"product_cat-bez-kategorii","7":"product_cat-axtel","8":"product_cat-przewodowe","10":"first","11":"instock","12":"taxable","13":"shipping-taxable","14":"purchasable","15":"product-type-simple"},"_links":{"self":[{"href":"https:\/\/voiptech.pl\/index.php?rest_route=\/wp\/v2\/product\/146","targetHints":{"allow":["GET"]}}],"collection":[{"href":"https:\/\/voiptech.pl\/index.php?rest_route=\/wp\/v2\/product"}],"about":[{"href":"https:\/\/voiptech.pl\/index.php?rest_route=\/wp\/v2\/types\/product"}],"replies":[{"embeddable":true,"href":"https:\/\/voiptech.pl\/index.php?rest_route=%2Fwp%2Fv2%2Fcomments&post=146"}],"wp:featuredmedia":[{"embeddable":true,"href":"https:\/\/voiptech.pl\/index.php?rest_route=\/wp\/v2\/media\/147"}],"wp:attachment":[{"href":"https:\/\/voiptech.pl\/index.php?rest_route=%2Fwp%2Fv2%2Fmedia&parent=146"}],"wp:term":[{"taxonomy":"product_cat","embeddable":true,"href":"https:\/\/voiptech.pl\/index.php?rest_route=%2Fwp%2Fv2%2Fproduct_cat&post=146"},{"taxonomy":"product_tag","embeddable":true,"href":"https:\/\/voiptech.pl\/index.php?rest_route=%2Fwp%2Fv2%2Fproduct_tag&post=146"}],"curies":[{"name":"wp","href":"https:\/\/api.w.org\/{rel}","templated":true}]}}