{"id":12,"date":"2023-04-08T08:08:11","date_gmt":"2023-04-08T06:08:11","guid":{"rendered":"https:\/\/voiptech.pl\/?page_id=12"},"modified":"2023-04-18T11:14:16","modified_gmt":"2023-04-18T09:14:16","slug":"sekcja-strony-glownej","status":"publish","type":"page","link":"https:\/\/voiptech.pl\/?page_id=12","title":{"rendered":"Przeniesienie numeru"},"content":{"rendered":"\n<h2 class=\"wp-block-heading\">Przeniesienie numeru telefonu stacjonarnego od innego operatora<\/h2>\n\n\n\n<p>Cz\u0119sto przed zmian\u0105 dostawcy us\u0142ug telefonicznych powstrzymuje nas obawa przed utrat\u0105 numeru. To jednak w obecnych czasach nie problem \u2013 mo\u017cliwe jest jego zachowanie pomimo zmiany dostawcy. Je\u015bli jednak przera\u017ca Ci\u0119 samodzielne przechodzenie przez proces, kt\u00f3ry to umo\u017cliwi, to mamy kolejn\u0105 dobr\u0105 wiadomo\u015b\u0107. Wychodz\u0105c naprzeciw oczekiwaniom naszych klient\u00f3w, to my mo\u017cemy si\u0119 zaj\u0105\u0107 przeniesieniem numeru od innego operatora do nas!<\/p>\n\n\n\n<h4 class=\"wp-block-heading\">Jak wygl\u0105da proces przeniesienia numeru<\/h4>\n\n\n\n<p>Aby rozpocz\u0105\u0107 wszystkie procedury, na samym pocz\u0105tku osoba zainteresowana przeniesieniem numeru musi podpisa\u0107 z nami odpowiednie dokumenty, kt\u00f3re umo\u017cliwi\u0105 nam dzia\u0142anie w jej imieniu. To daje nam podstaw\u0119 prawn\u0105 do wypowiedzenia umowy u obecnego operatora. Nast\u0119pnie potrzebujemy od zainteresowanego jego ostatniej faktury za telefon. Znajduj\u0105cy si\u0119 na niej numer klienta jest konieczny do przeprowadzenia ca\u0142ego procesu. Sprawdzamy r\u00f3wnie\u017c, jaka jest data wystawienia faktury. Dzi\u0119ki temu mamy pewno\u015b\u0107, \u017ce umowa z obecn\u0105 firm\u0105 dalej trwa, a numer jest aktywny i mo\u017cemy go przenie\u015b\u0107 do nas. Kolejny krok to podpisanie z nami umowy o dostarczenie us\u0142ug telefonicznych. Potem mo\u017cemy ju\u017c zacz\u0105\u0107 procesowanie przeniesienia numeru.<\/p>\n\n\n\n<p>W tym celu inicjujemy odpowiedni proces na specjalistycznej platformie, kt\u00f3ra umo\u017cliwia wys\u0142anie przez nas wniosku do obecnego dostawcy o zako\u0144czeniu umowy i przeniesieniu numeru telefonu. Akceptacja wniosku to najcz\u0119\u015bciej kwestia kilku dni. Nast\u0119pnie pozostaje czeka\u0107 na zako\u0144czenie umowy \u2013 zazwyczaj jest to okres miesi\u0105ca\/dw\u00f3ch. Maj\u0105c na uwadze ten czas, w umowie kt\u00f3r\u0105 u\u017cytkownik z nami podpisuje, znajduje si\u0119 zapis, \u017ce mamy 3 miesi\u0105ce na przy\u0142\u0105czenie numeru do sieci. Nie tracimy jednak czasu, poniewa\u017c w czasie oczekiwania instalujemy u Klienta inne us\u0142ugi, np.&nbsp;<a href=\"https:\/\/e-voip.pl\" data-type=\"URL\" data-id=\"https:\/\/e-voip.pl\">internet<\/a>. Podczas tych dzia\u0142a\u0144 przygotowujemy odpowiedni\u0105 infrastruktur\u0119 pod telefon \u2013 kiedy wi\u0119c przychodzi data rozpocz\u0119cia naszej umowy i przeniesienia numeru \u2013 zdalnie wszystko aktywujemy.<\/p>\n\n\n<style id=\"wpforms-css-vars-root\">\n\t\t\t\t:root {\n\t\t\t\t\t--wpforms-field-border-radius: 3px;\n--wpforms-field-background-color: #ffffff;\n--wpforms-field-border-color: rgba( 0, 0, 0, 0.25 );\n--wpforms-field-text-color: rgba( 0, 0, 0, 0.7 );\n--wpforms-label-color: rgba( 0, 0, 0, 0.85 );\n--wpforms-label-sublabel-color: rgba( 0, 0, 0, 0.55 );\n--wpforms-label-error-color: #d63637;\n--wpforms-button-border-radius: 3px;\n--wpforms-button-background-color: #066aab;\n--wpforms-button-text-color: #ffffff;\n--wpforms-field-size-input-height: 43px;\n--wpforms-field-size-input-spacing: 15px;\n--wpforms-field-size-font-size: 16px;\n--wpforms-field-size-line-height: 19px;\n--wpforms-field-size-padding-h: 14px;\n--wpforms-field-size-checkbox-size: 16px;\n--wpforms-field-size-sublabel-spacing: 5px;\n--wpforms-field-size-icon-size: 1;\n--wpforms-label-size-font-size: 16px;\n--wpforms-label-size-line-height: 19px;\n--wpforms-label-size-sublabel-font-size: 14px;\n--wpforms-label-size-sublabel-line-height: 17px;\n--wpforms-button-size-font-size: 17px;\n--wpforms-button-size-height: 41px;\n--wpforms-button-size-padding-h: 15px;\n--wpforms-button-size-margin-top: 10px;\n\n\t\t\t\t}\n\t\t\t<\/style><div class=\"wpforms-container wpforms-container-full wpforms-block wpforms-block-2bfdc340-98a2-4f04-8e51-73ec60332eae wpforms-render-modern\" id=\"wpforms-76\"><form id=\"wpforms-form-76\" class=\"wpforms-validate wpforms-form wpforms-ajax-form\" data-formid=\"76\" method=\"post\" enctype=\"multipart\/form-data\" action=\"\/index.php?rest_route=%2Fwp%2Fv2%2Fpages%2F12\" data-token=\"e8c0b43a66b2b9c61d14c6f525315162\"><noscript class=\"wpforms-error-noscript\">Aby wype\u0142ni\u0107 ten formularz, w\u0142\u0105cz obs\u0142ug\u0119 JavaScript w przegl\u0105darce.<\/noscript><div class=\"wpforms-hidden\" id=\"wpforms-error-noscript\">Aby wype\u0142ni\u0107 ten formularz, w\u0142\u0105cz obs\u0142ug\u0119 JavaScript w przegl\u0105darce.<\/div><div class=\"wpforms-field-container\"><div id=\"wpforms-76-field_0-container\" class=\"wpforms-field wpforms-field-name\" data-field-id=\"0\"><fieldset><legend class=\"wpforms-field-label\">Imi\u0119 i nazwisko <span class=\"wpforms-required-label\" aria-hidden=\"true\">*<\/span><\/legend><div class=\"wpforms-field-row wpforms-field-large\"><div class=\"wpforms-field-row-block wpforms-first wpforms-one-half\"><input type=\"text\" id=\"wpforms-76-field_0\" class=\"wpforms-field-name-first wpforms-field-required\" name=\"wpforms[fields][0][first]\" aria-errormessage=\"wpforms-76-field_0-error\" required><label for=\"wpforms-76-field_0\" class=\"wpforms-field-sublabel after \">Imi\u0119<\/label><\/div><div class=\"wpforms-field-row-block wpforms-one-half\"><input type=\"text\" id=\"wpforms-76-field_0-last\" class=\"wpforms-field-name-last wpforms-field-required\" name=\"wpforms[fields][0][last]\" aria-errormessage=\"wpforms-76-field_0-last-error\" required><label for=\"wpforms-76-field_0-last\" class=\"wpforms-field-sublabel after \">Nazwisko<\/label><\/div><\/div><\/fieldset><\/div><div id=\"wpforms-76-field_4-container\" class=\"wpforms-field wpforms-field-number\" data-field-id=\"4\"><label class=\"wpforms-field-label\" for=\"wpforms-76-field_4\">Telefony kontaktowe <span class=\"wpforms-required-label\" aria-hidden=\"true\">*<\/span><\/label><input type=\"number\" pattern=\"\\d*\" id=\"wpforms-76-field_4\" class=\"wpforms-field-medium wpforms-field-required\" name=\"wpforms[fields][4]\" aria-errormessage=\"wpforms-76-field_4-error\" required><\/div><div id=\"wpforms-76-field_3-container\" class=\"wpforms-field wpforms-field-number\" data-field-id=\"3\"><label class=\"wpforms-field-label\" for=\"wpforms-76-field_3\">NIP Firmy<\/label><input type=\"number\" pattern=\"\\d*\" id=\"wpforms-76-field_3\" class=\"wpforms-field-small\" name=\"wpforms[fields][3]\" aria-errormessage=\"wpforms-76-field_3-error\" ><\/div><div id=\"wpforms-76-field_1-container\" class=\"wpforms-field wpforms-field-email\" data-field-id=\"1\"><label class=\"wpforms-field-label\" for=\"wpforms-76-field_1\">E-mail <span class=\"wpforms-required-label\" aria-hidden=\"true\">*<\/span><\/label><input type=\"email\" id=\"wpforms-76-field_1\" class=\"wpforms-field-medium wpforms-field-required\" name=\"wpforms[fields][1]\" spellcheck=\"false\" aria-errormessage=\"wpforms-76-field_1-error\" required><\/div><div id=\"wpforms-76-field_2-container\" class=\"wpforms-field wpforms-field-textarea\" data-field-id=\"2\"><label class=\"wpforms-field-label\" for=\"wpforms-76-field_2\">Komentarz lub wiadomo\u015b\u0107<\/label><textarea id=\"wpforms-76-field_2\" class=\"wpforms-field-medium\" name=\"wpforms[fields][2]\" aria-errormessage=\"wpforms-76-field_2-error\" ><\/textarea><\/div><\/div><!-- .wpforms-field-container --><div class=\"wpforms-submit-container\" ><input type=\"hidden\" name=\"wpforms[id]\" value=\"76\"><input type=\"hidden\" name=\"wpforms[author]\" value=\"1\"><button type=\"submit\" name=\"wpforms[submit]\" id=\"wpforms-submit-76\" class=\"wpforms-submit\" data-alt-text=\"Wysy\u0142anie...\" data-submit-text=\"Prze\u015blij\" aria-live=\"assertive\" value=\"wpforms-submit\">Prze\u015blij<\/button><img loading=\"lazy\" decoding=\"async\" src=\"https:\/\/voiptech.pl\/wp-content\/plugins\/wpforms-lite\/assets\/images\/submit-spin.svg\" class=\"wpforms-submit-spinner\" style=\"display: none;\" width=\"26\" height=\"26\" alt=\"Wczytywanie\"><\/div><\/form><\/div>  <!-- .wpforms-container -->","protected":false},"excerpt":{"rendered":"<p>Przeniesienie numeru telefonu stacjonarnego od innego operatora Cz\u0119sto przed zmian\u0105 dostawcy us\u0142ug telefonicznych powstrzymuje nas obawa przed utrat\u0105 numeru. To jednak w obecnych czasach nie problem \u2013 mo\u017cliwe jest jego zachowanie pomimo zmiany dostawcy. Je\u015bli jednak przera\u017ca Ci\u0119 samodzielne przechodzenie przez proces, kt\u00f3ry to umo\u017cliwi, to mamy kolejn\u0105 dobr\u0105 wiadomo\u015b\u0107. Wychodz\u0105c naprzeciw oczekiwaniom naszych klient\u00f3w, [&hellip;]<\/p>\n","protected":false},"author":1,"featured_media":94,"parent":0,"menu_order":0,"comment_status":"closed","ping_status":"closed","template":"","meta":{"footnotes":""},"class_list":["post-12","page","type-page","status-publish","has-post-thumbnail","hentry"],"_links":{"self":[{"href":"https:\/\/voiptech.pl\/index.php?rest_route=\/wp\/v2\/pages\/12","targetHints":{"allow":["GET"]}}],"collection":[{"href":"https:\/\/voiptech.pl\/index.php?rest_route=\/wp\/v2\/pages"}],"about":[{"href":"https:\/\/voiptech.pl\/index.php?rest_route=\/wp\/v2\/types\/page"}],"author":[{"embeddable":true,"href":"https:\/\/voiptech.pl\/index.php?rest_route=\/wp\/v2\/users\/1"}],"replies":[{"embeddable":true,"href":"https:\/\/voiptech.pl\/index.php?rest_route=%2Fwp%2Fv2%2Fcomments&post=12"}],"version-history":[{"count":5,"href":"https:\/\/voiptech.pl\/index.php?rest_route=\/wp\/v2\/pages\/12\/revisions"}],"predecessor-version":[{"id":402,"href":"https:\/\/voiptech.pl\/index.php?rest_route=\/wp\/v2\/pages\/12\/revisions\/402"}],"wp:featuredmedia":[{"embeddable":true,"href":"https:\/\/voiptech.pl\/index.php?rest_route=\/wp\/v2\/media\/94"}],"wp:attachment":[{"href":"https:\/\/voiptech.pl\/index.php?rest_route=%2Fwp%2Fv2%2Fmedia&parent=12"}],"curies":[{"name":"wp","href":"https:\/\/api.w.org\/{rel}","templated":true}]}}